{"id":46,"date":"2007-11-08T19:05:45","date_gmt":"2007-11-08T22:05:45","guid":{"rendered":"http:\/\/www.raicesmusicales.com.ar\/?page_id=46"},"modified":"2007-12-12T19:14:34","modified_gmt":"2007-12-12T22:14:34","slug":"proximos-seminarios","status":"publish","type":"page","link":"https:\/\/www.raicesmusicales.com.ar\/?page_id=46","title":{"rendered":"Pr\u00f3ximos Seminarios"},"content":{"rendered":"<h2>MAESTR\u00cdA EN INTERPRETACI\u00d3N DE M\u00daSICA LATINOAMERICANA DEL SIGLO XX \u0096 III COHORTE <\/h2>\n<p><strong><\/p>\n<h3>2007<br \/>\n <\/h3>\n<p>DICIEMBRE &#8211; 3 al 8 &#8211; Aula Magna &#8211; Facultad de Artes y Dise\u00f1o<\/strong><\/p>\n<blockquote><p>Epistemolog\u00eda y Metodolog\u00eda de la Investigaci\u00f3n &#8211; Dra. Alejandra CIRIZA &#8211; 8:00 a 13:00 hs.<\/p>\n<p>Problem\u00e1tica Filos\u00f3fica Latinoamericana &#8211; Dra. Estela FERN\u00c1NDEZ \u0096 16:00 a 21:00 hs.<\/p>\n<\/blockquote>\n<p><strong><\/p>\n<h3>2008<\/p>\n<\/h3>\n<p>MARZO &#8211; Departamento de M\u00fasica &#8211; Lavalle 373 \u0096 Ciudad &#8211; Mendoza<\/strong><\/p>\n<blockquote><p>Interpretaci\u00f3n II<\/p>\n<blockquote><p>\nVientos &#8211; Prof. Lars NILSSON &#8211; 10 al 15 de Marzo \u0096 8:00 a 13:00 hs.<\/p>\n<p>Piano &#8211; Prof. Luiz DE MOURACASTRO &#8211; 07 al 15 de Marzo &#8211; 8:00 a 13:00 hs.<\/p>\n<p>Percusi\u00f3n &#8211; Prof. Silvia VALENTE &#8211; 10 al 15 de Marzo \u0096 8:00 a 13:00 hs.<\/p>\n<p>Cuerdas &#8211; Prof. Mariela NEDYALKOVA &#8211; 10 al 15 de Marzo \u0096 8:00 a 13:00 hs.<\/p>\n<p>Guitarra &#8211; Prof. Eduardo ISAAC &#8211; 10 al 15 de Marzo \u0096 8:00 a 13:00 hs.<\/p>\n<p>Direcci\u00f3n Coral &#8211; Prof. Antonio RUSSO &#8211; 10 al 15 de Marzo &#8211; 16:30 a 20:30<\/p><\/blockquote>\n<\/blockquote>\n<blockquote><p>M\u00fasica de C\u00e1mara II<\/p>\n<blockquote>\n<p>Prof. Antonio RUSSO \u0096 Prof. Elena DABUL &#8211; 07 al 16 de Marzo &#8211; 16:00 a 21:00 hs.<\/p>\n<\/blockquote>\n<\/blockquote>\n<p><strong>MAYO &#8211; 26 al 31 &#8211; Aula Magna Facultad de Artes y Dise\u00f1o<\/strong><\/p>\n<blockquote><p>\nAn\u00e1lisis Musical II &#8211; Prof. Susana ANT\u00d3N &#8211; 8:00 a 13:00 hs.<\/p>\n<p>Metodolog\u00eda de la Investigaci\u00f3n Musical &#8211; Mgter. M\u00f3nica PACHECO &#8211; 16:00 a 21:00 hs.<\/p>\n<\/blockquote>\n<p><strong>JULIO &#8211; 4 al 13 &#8211; Departamento de M\u00fasica &#8211; Lavalle 373 \u0096 Ciudad &#8211; Mendoza <\/strong><\/p>\n<blockquote><p>\nInterpretaci\u00f3n III &#8211;  8:00 a 13:00 hs. &#8211; PROFESORES A DETERMINAR<\/p>\n<p>M\u00fasica de C\u00e1mara III &#8211; 16:00 a 21:00 hs. &#8211; PROFESORES A DETERMINAR<\/p>\n<\/blockquote>\n<p><strong>SEPTIEMBRE &#8211; 22 al 27 &#8211; Aula Magna Facultad de Artes y Dise\u00f1o<\/strong><\/p>\n<blockquote><p>\nHistoria Social de la M\u00fasica Latinoamericana II &#8211; Prof. Dante GRELA &#8211; 8:00 a 13:00 hs.<\/p>\n<p>An\u00e1lisis Musical III &#8211; Prof. Jos\u00e9 Juan HERN\u00c1NDEZ &#8211; 16:00 a 21:00 hs.<\/p>\n<\/blockquote>\n<p><strong>DICIEMBRE &#8211; 1 al 6 &#8211; Aula Magna Facultad de Artes y Dise\u00f1o<\/strong><\/p>\n<blockquote><p>\nEst\u00e9tica de la M\u00fasica Latinoamericana &#8211; Dr. Bernardo ILLARI &#8211; 8:00 a 13:00 hs.<\/p>\n<p>M\u00fasica Popular Latinoamericana &#8211; Dr. Miguel Angel GARC\u00cdA &#8211; 16:00 a 21:00 hs.\n <\/p><\/blockquote>\n<p><strong><\/p>\n<h3>\n2009<\/p>\n<\/h3>\n<p>MARZO<\/p>\n<p>3ra. Semana &#8211; Departamento de M\u00fasica &#8211; Lavalle 373 \u0096 Ciudad &#8211; Mendoza <\/strong><\/p>\n<blockquote>\n<p>Interpretaci\u00f3n VI &#8211;  8:00 a 13:00 hs. &#8211; PROFESORES A DETERMINAR<\/p>\n<p>M\u00fasica de C\u00e1mara VI &#8211; 16:00 a 21:00 hs. &#8211; PROFESORES A DETERMINAR<\/p><\/blockquote>\n","protected":false},"excerpt":{"rendered":"<p>MAESTR\u00cdA EN INTERPRETACI\u00d3N DE M\u00daSICA LATINOAMERICANA DEL SIGLO XX \u0096 III COHORTE 2007 DICIEMBRE &#8211; 3 al 8 &#8211; Aula Magna &#8211; Facultad de Artes y Dise\u00f1o Epistemolog\u00eda y Metodolog\u00eda de la Investigaci\u00f3n &#8211; Dra. Alejandra CIRIZA &#8211; 8:00 a 13:00 hs. Problem\u00e1tica Filos\u00f3fica Latinoamericana &#8211; Dra. Estela FERN\u00c1NDEZ \u0096 16:00 a 21:00 hs. 2008 [&hellip;]<\/p>\n","protected":false},"author":1,"featured_media":0,"parent":9,"menu_order":0,"comment_status":"closed","ping_status":"closed","template":"","meta":[],"_links":{"self":[{"href":"https:\/\/www.raicesmusicales.com.ar\/index.php?rest_route=\/wp\/v2\/pages\/46"}],"collection":[{"href":"https:\/\/www.raicesmusicales.com.ar\/index.php?rest_route=\/wp\/v2\/pages"}],"about":[{"href":"https:\/\/www.raicesmusicales.com.ar\/index.php?rest_route=\/wp\/v2\/types\/page"}],"author":[{"embeddable":true,"href":"https:\/\/www.raicesmusicales.com.ar\/index.php?rest_route=\/wp\/v2\/users\/1"}],"replies":[{"embeddable":true,"href":"https:\/\/www.raicesmusicales.com.ar\/index.php?rest_route=%2Fwp%2Fv2%2Fcomments&post=46"}],"version-history":[{"count":0,"href":"https:\/\/www.raicesmusicales.com.ar\/index.php?rest_route=\/wp\/v2\/pages\/46\/revisions"}],"up":[{"embeddable":true,"href":"https:\/\/www.raicesmusicales.com.ar\/index.php?rest_route=\/wp\/v2\/pages\/9"}],"wp:attachment":[{"href":"https:\/\/www.raicesmusicales.com.ar\/index.php?rest_route=%2Fwp%2Fv2%2Fmedia&parent=46"}],"curies":[{"name":"wp","href":"https:\/\/api.w.org\/{rel}","templated":true}]}}